{"id":4886,"date":"2025-01-23T18:44:09","date_gmt":"2025-01-23T18:44:09","guid":{"rendered":"https:\/\/www.hvac.ca\/attestations-and-certifications\/"},"modified":"2025-01-23T18:44:10","modified_gmt":"2025-01-23T18:44:10","slug":"attestations-and-certifications","status":"publish","type":"page","link":"https:\/\/www.hvac.ca\/en\/attestations-and-certifications\/","title":{"rendered":"Attestations and certifications"},"content":{"rendered":"<p><div class=\"fusion-fullwidth fullwidth-box fusion-builder-row-1 fusion-flex-container nonhundred-percent-fullwidth non-hundred-percent-height-scrolling\" style=\"--awb-border-radius-top-left:0px;--awb-border-radius-top-right:0px;--awb-border-radius-bottom-right:0px;--awb-border-radius-bottom-left:0px;--awb-flex-wrap:wrap;\" ><div class=\"fusion-builder-row fusion-row fusion-flex-align-items-stretch fusion-flex-content-wrap\" style=\"max-width:calc( 1180px + 0px );margin-left: calc(-0px \/ 2 );margin-right: calc(-0px \/ 2 );\"><div class=\"fusion-layout-column fusion_builder_column fusion-builder-column-0 fusion_builder_column_1_1 1_1 fusion-flex-column\" style=\"--awb-bg-size:cover;--awb-width-large:100%;--awb-margin-top-large:15px;--awb-spacing-right-large:0px;--awb-margin-bottom-large:15px;--awb-spacing-left-large:0px;--awb-width-medium:100%;--awb-spacing-right-medium:0px;--awb-spacing-left-medium:0px;--awb-width-small:100%;--awb-spacing-right-small:0px;--awb-spacing-left-small:0px;\"><div class=\"fusion-column-wrapper fusion-flex-justify-content-flex-start fusion-content-layout-column\"><div class=\"fusion-text fusion-text-1\"><ul>\n<li>Licence de la R\u00e9gie du b\u00e2timent du Qu\u00e9bec (RBQ)<\/li>\n<li>Mutuelle de pr\u00e9vention S\u00e9lect ACQ\/CSST<\/li>\n<li>CMMTQ (Corporation de ma\u00eetre m\u00e9caniciens en tuyauterie du Qu\u00e9bec)<\/li>\n<li>CETAF (Corporation des entreprises en traitement de l\u2019air et du froid)<\/li>\n<li>ACQ (Association de la construction du Qu\u00e9bec)<\/li>\n<li>Contractor Check<\/li>\n<li>Complyworks<\/li>\n<li>Cognibox<\/li>\n<li>Niveau de s\u00e9curit\u00e9 &#8211; Gouvernement f\u00e9d\u00e9ral (TPSGC)<\/li>\n<li>Certification de francisation &#8211; Office de la langue fran\u00e7aise<\/li>\n<\/ul>\n<\/div><\/div><\/div><\/div><\/div><div class=\"fusion-fullwidth fullwidth-box fusion-builder-row-2 fusion-flex-container nonhundred-percent-fullwidth non-hundred-percent-height-scrolling\" style=\"--awb-border-radius-top-left:0px;--awb-border-radius-top-right:0px;--awb-border-radius-bottom-right:0px;--awb-border-radius-bottom-left:0px;--awb-background-color:#ffffff;--awb-flex-wrap:wrap;\" ><div class=\"fusion-builder-row fusion-row fusion-flex-align-items-flex-start fusion-flex-content-wrap\" style=\"max-width:calc( 1180px + 0px );margin-left: calc(-0px \/ 2 );margin-right: calc(-0px \/ 2 );\"><div class=\"fusion-layout-column fusion_builder_column fusion-builder-column-1 fusion_builder_column_1_1 1_1 fusion-flex-column\" style=\"--awb-bg-size:cover;--awb-width-large:100%;--awb-margin-top-large:15px;--awb-spacing-right-large:0px;--awb-margin-bottom-large:15px;--awb-spacing-left-large:0px;--awb-width-medium:100%;--awb-spacing-right-medium:0px;--awb-spacing-left-medium:0px;--awb-width-small:100%;--awb-spacing-right-small:0px;--awb-spacing-left-small:0px;\"><div class=\"fusion-column-wrapper fusion-flex-justify-content-flex-start fusion-content-layout-column\"><div class=\"fusion-image-carousel fusion-image-carousel-auto fusion-image-carousel-1\"><div class=\"awb-carousel awb-swiper awb-swiper-carousel awb-carousel--carousel awb-swiper-dots-position-bottom\" data-layout=\"carousel\" data-autoplay=\"yes\" data-autoplayspeed=\"2500\" data-autoplaypause=\"no\" data-columns=\"5\" data-columnsmedium=\"1\" data-columnssmall=\"1\" data-itemmargin=\"10\" data-itemwidth=\"180\" data-touchscroll=\"no\" data-freemode=\"no\" data-imagesize=\"auto\" data-scrollitems=\"2\" data-centeredslides=\"no\" data-rotationangle=\"50\" data-depth=\"100\" data-speed=\"500\" data-shadow=\"no\" data-pagination=\"bullets\" style=\"--awb-column-spacing:10px;\"><div class=\"swiper-wrapper awb-image-carousel-wrapper fusion-flex-align-items-center\"><div class=\"swiper-slide\"><div class=\"fusion-carousel-item-wrapper\"><div class=\"fusion-image-wrapper hover-type-none\"><img decoding=\"async\" width=\"250\" height=\"111\" src=\"https:\/\/www.hvac.ca\/wp-content\/uploads\/2018\/04\/Logo_CMMTQ-gris.png\" class=\"attachment-full size-full lazyload\" alt=\"\" srcset=\"data:image\/svg+xml,%3Csvg%20xmlns%3D%27http%3A%2F%2Fwww.w3.org%2F2000%2Fsvg%27%20width%3D%27250%27%20height%3D%27111%27%20viewBox%3D%270%200%20250%20111%27%3E%3Crect%20width%3D%27250%27%20height%3D%27111%27%20fill-opacity%3D%220%22%2F%3E%3C%2Fsvg%3E\" data-orig-src=\"https:\/\/www.hvac.ca\/wp-content\/uploads\/2018\/04\/Logo_CMMTQ-gris.png\" data-srcset=\"https:\/\/www.hvac.ca\/wp-content\/uploads\/2018\/04\/Logo_CMMTQ-gris-200x89.png 200w, https:\/\/www.hvac.ca\/wp-content\/uploads\/2018\/04\/Logo_CMMTQ-gris.png 250w\" data-sizes=\"auto\" \/><\/div><\/div><\/div><div class=\"swiper-slide\"><div class=\"fusion-carousel-item-wrapper\"><div class=\"fusion-image-wrapper hover-type-none\"><img decoding=\"async\" width=\"170\" height=\"68\" src=\"data:image\/svg+xml,%3Csvg%20xmlns%3D%27http%3A%2F%2Fwww.w3.org%2F2000%2Fsvg%27%20width%3D%27170%27%20height%3D%2768%27%20viewBox%3D%270%200%20170%2068%27%3E%3Crect%20width%3D%27170%27%20height%3D%2768%27%20fill-opacity%3D%220%22%2F%3E%3C%2Fsvg%3E\" class=\"attachment-full size-full lazyload\" alt=\"\" data-orig-src=\"https:\/\/www.hvac.ca\/wp-content\/uploads\/2018\/04\/Logo_CCTAF-gris.png\" \/><\/div><\/div><\/div><div class=\"swiper-slide\"><div class=\"fusion-carousel-item-wrapper\"><div class=\"fusion-image-wrapper hover-type-none\"><img decoding=\"async\" width=\"140\" height=\"113\" src=\"data:image\/svg+xml,%3Csvg%20xmlns%3D%27http%3A%2F%2Fwww.w3.org%2F2000%2Fsvg%27%20width%3D%27140%27%20height%3D%27113%27%20viewBox%3D%270%200%20140%20113%27%3E%3Crect%20width%3D%27140%27%20height%3D%27113%27%20fill-opacity%3D%220%22%2F%3E%3C%2Fsvg%3E\" class=\"attachment-full size-full lazyload\" alt=\"\" data-orig-src=\"https:\/\/www.hvac.ca\/wp-content\/uploads\/2018\/04\/Logo_ACQ-gris.png\" \/><\/div><\/div><\/div><div class=\"swiper-slide\"><div class=\"fusion-carousel-item-wrapper\"><div class=\"fusion-image-wrapper hover-type-none\"><img decoding=\"async\" width=\"170\" height=\"79\" src=\"data:image\/svg+xml,%3Csvg%20xmlns%3D%27http%3A%2F%2Fwww.w3.org%2F2000%2Fsvg%27%20width%3D%27170%27%20height%3D%2779%27%20viewBox%3D%270%200%20170%2079%27%3E%3Crect%20width%3D%27170%27%20height%3D%2779%27%20fill-opacity%3D%220%22%2F%3E%3C%2Fsvg%3E\" class=\"attachment-full size-full lazyload\" alt=\"\" data-orig-src=\"https:\/\/www.hvac.ca\/wp-content\/uploads\/2018\/04\/Logo_Complyworks-gris.png\" \/><\/div><\/div><\/div><div class=\"swiper-slide\"><div class=\"fusion-carousel-item-wrapper\"><div class=\"fusion-image-wrapper hover-type-none\"><img decoding=\"async\" width=\"180\" height=\"45\" src=\"data:image\/svg+xml,%3Csvg%20xmlns%3D%27http%3A%2F%2Fwww.w3.org%2F2000%2Fsvg%27%20width%3D%27180%27%20height%3D%2745%27%20viewBox%3D%270%200%20180%2045%27%3E%3Crect%20width%3D%27180%27%20height%3D%2745%27%20fill-opacity%3D%220%22%2F%3E%3C%2Fsvg%3E\" class=\"attachment-full size-full lazyload\" alt=\"\" data-orig-src=\"https:\/\/www.hvac.ca\/wp-content\/uploads\/2018\/04\/logo-contractor-check.png\" \/><\/div><\/div><\/div><div class=\"swiper-slide\"><div class=\"fusion-carousel-item-wrapper\"><div class=\"fusion-image-wrapper hover-type-none\"><img decoding=\"async\" width=\"113\" height=\"110\" src=\"data:image\/svg+xml,%3Csvg%20xmlns%3D%27http%3A%2F%2Fwww.w3.org%2F2000%2Fsvg%27%20width%3D%27113%27%20height%3D%27110%27%20viewBox%3D%270%200%20113%20110%27%3E%3Crect%20width%3D%27113%27%20height%3D%27110%27%20fill-opacity%3D%220%22%2F%3E%3C%2Fsvg%3E\" class=\"attachment-full size-full lazyload\" alt=\"\" data-orig-src=\"https:\/\/www.hvac.ca\/wp-content\/uploads\/2018\/04\/Logo_Cognibox_MEMBRE-gris-e1531935277735.png\" \/><\/div><\/div><\/div><\/div><\/div><\/div><\/div><\/div><\/div><\/div><\/p>\n","protected":false},"excerpt":{"rendered":"","protected":false},"author":1,"featured_media":0,"parent":0,"menu_order":0,"comment_status":"closed","ping_status":"closed","template":"","meta":{"_bbp_topic_count":0,"_bbp_reply_count":0,"_bbp_total_topic_count":0,"_bbp_total_reply_count":0,"_bbp_voice_count":0,"_bbp_anonymous_reply_count":0,"_bbp_topic_count_hidden":0,"_bbp_reply_count_hidden":0,"_bbp_forum_subforum_count":0,"footnotes":""},"class_list":["post-4886","page","type-page","status-publish","hentry"],"yoast_head":"<!-- This site is optimized with the Yoast SEO plugin v27.2 - https:\/\/yoast.com\/product\/yoast-seo-wordpress\/ -->\n<title>Attestations and certifications - HVAC VENTILATION ET PLOMBERIE<\/title>\n<meta name=\"robots\" content=\"index, follow, max-snippet:-1, max-image-preview:large, max-video-preview:-1\" \/>\n<link rel=\"canonical\" href=\"https:\/\/www.hvac.ca\/attestations-et-certifications\/\" \/>\n<meta property=\"og:locale\" content=\"en_US\" \/>\n<meta property=\"og:type\" content=\"article\" \/>\n<meta property=\"og:title\" content=\"Attestations and certifications - HVAC VENTILATION ET PLOMBERIE\" \/>\n<meta property=\"og:url\" content=\"https:\/\/www.hvac.ca\/attestations-et-certifications\/\" \/>\n<meta property=\"og:site_name\" content=\"HVAC VENTILATION ET PLOMBERIE\" \/>\n<meta property=\"article:publisher\" content=\"https:\/\/www.facebook.com\/HVAC-Ventilation-et-plomberie-501337777011400\" \/>\n<meta property=\"article:modified_time\" content=\"2025-01-23T18:44:10+00:00\" \/>\n<meta name=\"twitter:card\" content=\"summary_large_image\" \/>\n<meta name=\"twitter:label1\" content=\"Est. reading time\" \/>\n\t<meta name=\"twitter:data1\" content=\"3 minutes\" \/>\n<script type=\"application\/ld+json\" class=\"yoast-schema-graph\">{\"@context\":\"https:\/\/schema.org\",\"@graph\":[{\"@type\":\"WebPage\",\"@id\":\"https:\/\/www.hvac.ca\/attestations-et-certifications\/\",\"url\":\"https:\/\/www.hvac.ca\/attestations-et-certifications\/\",\"name\":\"Attestations and certifications - HVAC VENTILATION ET PLOMBERIE\",\"isPartOf\":{\"@id\":\"https:\/\/www.hvac.ca\/en\/#website\"},\"datePublished\":\"2025-01-23T18:44:09+00:00\",\"dateModified\":\"2025-01-23T18:44:10+00:00\",\"breadcrumb\":{\"@id\":\"https:\/\/www.hvac.ca\/attestations-et-certifications\/#breadcrumb\"},\"inLanguage\":\"en-US\",\"potentialAction\":[{\"@type\":\"ReadAction\",\"target\":[\"https:\/\/www.hvac.ca\/attestations-et-certifications\/\"]}]},{\"@type\":\"BreadcrumbList\",\"@id\":\"https:\/\/www.hvac.ca\/attestations-et-certifications\/#breadcrumb\",\"itemListElement\":[{\"@type\":\"ListItem\",\"position\":1,\"name\":\"Accueil\",\"item\":\"https:\/\/www.hvac.ca\/\"},{\"@type\":\"ListItem\",\"position\":2,\"name\":\"Attestations and certifications\"}]},{\"@type\":\"WebSite\",\"@id\":\"https:\/\/www.hvac.ca\/en\/#website\",\"url\":\"https:\/\/www.hvac.ca\/en\/\",\"name\":\"HVAC VENTILATION ET PLOMBERIE\",\"description\":\"Leader dans le domaine de la m&eacute;canique de b&acirc;timent\",\"potentialAction\":[{\"@type\":\"SearchAction\",\"target\":{\"@type\":\"EntryPoint\",\"urlTemplate\":\"https:\/\/www.hvac.ca\/en\/?s={search_term_string}\"},\"query-input\":{\"@type\":\"PropertyValueSpecification\",\"valueRequired\":true,\"valueName\":\"search_term_string\"}}],\"inLanguage\":\"en-US\"}]}<\/script>\n<!-- \/ Yoast SEO plugin. -->","yoast_head_json":{"title":"Attestations and certifications - HVAC VENTILATION ET PLOMBERIE","robots":{"index":"index","follow":"follow","max-snippet":"max-snippet:-1","max-image-preview":"max-image-preview:large","max-video-preview":"max-video-preview:-1"},"canonical":"https:\/\/www.hvac.ca\/attestations-et-certifications\/","og_locale":"en_US","og_type":"article","og_title":"Attestations and certifications - HVAC VENTILATION ET PLOMBERIE","og_url":"https:\/\/www.hvac.ca\/attestations-et-certifications\/","og_site_name":"HVAC VENTILATION ET PLOMBERIE","article_publisher":"https:\/\/www.facebook.com\/HVAC-Ventilation-et-plomberie-501337777011400","article_modified_time":"2025-01-23T18:44:10+00:00","twitter_card":"summary_large_image","twitter_misc":{"Est. reading time":"3 minutes"},"schema":{"@context":"https:\/\/schema.org","@graph":[{"@type":"WebPage","@id":"https:\/\/www.hvac.ca\/attestations-et-certifications\/","url":"https:\/\/www.hvac.ca\/attestations-et-certifications\/","name":"Attestations and certifications - HVAC VENTILATION ET PLOMBERIE","isPartOf":{"@id":"https:\/\/www.hvac.ca\/en\/#website"},"datePublished":"2025-01-23T18:44:09+00:00","dateModified":"2025-01-23T18:44:10+00:00","breadcrumb":{"@id":"https:\/\/www.hvac.ca\/attestations-et-certifications\/#breadcrumb"},"inLanguage":"en-US","potentialAction":[{"@type":"ReadAction","target":["https:\/\/www.hvac.ca\/attestations-et-certifications\/"]}]},{"@type":"BreadcrumbList","@id":"https:\/\/www.hvac.ca\/attestations-et-certifications\/#breadcrumb","itemListElement":[{"@type":"ListItem","position":1,"name":"Accueil","item":"https:\/\/www.hvac.ca\/"},{"@type":"ListItem","position":2,"name":"Attestations and certifications"}]},{"@type":"WebSite","@id":"https:\/\/www.hvac.ca\/en\/#website","url":"https:\/\/www.hvac.ca\/en\/","name":"HVAC VENTILATION ET PLOMBERIE","description":"Leader dans le domaine de la m&eacute;canique de b&acirc;timent","potentialAction":[{"@type":"SearchAction","target":{"@type":"EntryPoint","urlTemplate":"https:\/\/www.hvac.ca\/en\/?s={search_term_string}"},"query-input":{"@type":"PropertyValueSpecification","valueRequired":true,"valueName":"search_term_string"}}],"inLanguage":"en-US"}]}},"_links":{"self":[{"href":"https:\/\/www.hvac.ca\/en\/wp-json\/wp\/v2\/pages\/4886","targetHints":{"allow":["GET"]}}],"collection":[{"href":"https:\/\/www.hvac.ca\/en\/wp-json\/wp\/v2\/pages"}],"about":[{"href":"https:\/\/www.hvac.ca\/en\/wp-json\/wp\/v2\/types\/page"}],"author":[{"embeddable":true,"href":"https:\/\/www.hvac.ca\/en\/wp-json\/wp\/v2\/users\/1"}],"replies":[{"embeddable":true,"href":"https:\/\/www.hvac.ca\/en\/wp-json\/wp\/v2\/comments?post=4886"}],"version-history":[{"count":2,"href":"https:\/\/www.hvac.ca\/en\/wp-json\/wp\/v2\/pages\/4886\/revisions"}],"predecessor-version":[{"id":4888,"href":"https:\/\/www.hvac.ca\/en\/wp-json\/wp\/v2\/pages\/4886\/revisions\/4888"}],"wp:attachment":[{"href":"https:\/\/www.hvac.ca\/en\/wp-json\/wp\/v2\/media?parent=4886"}],"curies":[{"name":"wp","href":"https:\/\/api.w.org\/{rel}","templated":true}]}}